{"id":223,"date":"2014-02-16T16:32:59","date_gmt":"2014-02-16T15:32:59","guid":{"rendered":"http:\/\/www.mp-plus.com\/?page_id=223"},"modified":"2015-06-26T12:17:03","modified_gmt":"2015-06-26T16:17:03","slug":"eloquent-testimonials","status":"publish","type":"page","link":"https:\/\/www.mp-plus.com\/en\/eloquent-testimonials\/","title":{"rendered":"Some eloquent testimonials"},"content":{"rendered":"<p>On <strong>Leadership of Influence<\/strong>-&#8220;Thank You for your enthusiastic presentation, well paced, Fares Chmait is extremely knowledgeable, and gave great examples. Enjoyed it.&#8221; Heather Laidlaw -Laidlaw Law Firm<\/p>\n<p><strong>Leadership of Influence<\/strong>&#8211; Very useful in daily transactions with clients. Useful insight to human behaviour and helps analyze conflict situations in a broad perspective.&#8221; Anjana Bandara-De Zoysa Law Professional Corporation<\/p>\n<p align=\"justify\">&#8220;We have recently retained your services to help us organize and to host a corporate event for all our staff. I would like, in the name of the managing team and of all participants, to forward our appreciation for your contribution to the success of that activity. I would like to stress out the promptness of your response, your availability and the high level of competence that you have shown. Your capacity to listen and your leadership translated into a commitment to all the levels of the organization of our day.&#8221;<\/p>\n<p><b>Jacinte Bleau, President and General Manager<\/b><br \/>\n<i>M\u00e9dicus<\/i><\/p>\n<hr align=\"left\" noshade=\"noshade\" size=\"1\" width=\"475\" \/>\n<p align=\"justify\">&#8220;The challenge was to maintain the same rhythm during the eight months of the program, but more than 20,000 employees of the participating branches have demonstrated their constancy and tenacity which were out of the ordinary. We even noticed that the participation level increased with time. What were the results? An increased knowledge of Desjardins\u2019 products and services, an unprecedented growth in sales volume, and a greater satisfaction of the needs of our members&#8230; who are increasingly loyal to us.&#8221;<\/p>\n<p>C\u00c9L\u00c9BRIT\u00c9S DESJARDINS Magazine<\/p>\n<p><b>Carol Roy, Manager\/Sales Network<\/b><br \/>\n<i>Conf\u00e9d\u00e9ration des caisses populaires et d\u2019\u00e9conomie Desjardins du Qu\u00e9bec<\/i><\/p>\n<hr align=\"left\" noshade=\"noshade\" size=\"1\" width=\"475\" \/>\n<p align=\"justify\">&#8220;This promotion allowed us to get the best credit card sales results in our history! In all, we ended the year with a sales increase of 58 % compared to last year. More importantly, we were also able to generate a real interest towards our products, by our sales network.&#8221;<\/p>\n<p><b>Marc L\u2019\u00c9cuyer, Product Manager<\/b><br \/>\n<i>VISA Desjardins<\/i><\/p>\n<hr align=\"left\" noshade=\"noshade\" size=\"1\" width=\"475\" \/>\n<p align=\"justify\">&#8220;Thanks for the tools that will be very useful, for making my work and everyone else\u2019s&#8230; a lot more pleasant.&#8221;<\/p>\n<p><b>Pierre Lachance<\/b><br \/>\n<i>Sports Experts<\/i><\/p>\n<hr align=\"left\" noshade=\"noshade\" size=\"1\" width=\"475\" \/>\n<p align=\"justify\">&#8220;Without ever mentioning the word &#8220;sale&#8221;, you were successful in helping our employees become outstanding salespeople. The branches that went through your training programs, increased their sales by 20% to 50%.&#8221;<\/p>\n<p><b>Bruno Couture, Strategic Consultant<\/b><br \/>\n<i>F\u00e9d\u00e9ration des caisses d\u2019\u00e9conomie Desjardins du Qu\u00e9bec<\/i><\/p>\n<hr align=\"left\" noshade=\"noshade\" size=\"1\" width=\"475\" \/>\n<p align=\"justify\">&#8220;One of the very rare approaches that are not on a technical level only.&#8221;<\/p>\n<p><b>Marc De Lair<\/b><br \/>\n<i>Techni Bureau <\/i><\/p>\n<hr align=\"left\" noshade=\"noshade\" size=\"1\" width=\"475\" \/>\n<p align=\"justify\">Molson Centre \u2013 13 000 participants<\/p>\n<p>&#8220;Do you want motivation? You will get some! Nothing was neglected to stimulate the participants and give them the will to surpass themselves. Energized, the participants left with the determination to deliver their best&#8221;<\/p>\n<p><b>Claudia Martel and Marie-Jos\u00e9e Lalibert\u00e9<\/b><br \/>\n<i>F\u00e9d\u00e9ration de Montr\u00e9al et de l\u2019Ouest du Qu\u00e9bec<\/i><\/p>\n<hr align=\"left\" noshade=\"noshade\" size=\"1\" width=\"475\" \/>\n<p align=\"justify\">Montreal\u2019s Palais des congr\u00e8s<\/p>\n<p>&#8220;My hat goes to the organizers of this super Gala! This was a great first experience, and we came back to work with the certainty that we must work even harder, because the results are worth that investment, and we will motivate our employees for C\u00e9l\u00e9brit\u00e9s 98-99 in Quebec city!&#8221;<\/p>\n<p><b>Francine Cyr L\u00e9tourneau<\/b><br \/>\n<i>Caisse populaire de La Sarre<\/i><\/p>\n<hr align=\"left\" noshade=\"noshade\" size=\"1\" width=\"475\" \/>\n<p align=\"justify\">Quebec city\u2019s Capitole<\/p>\n<p>&#8220;I am very proud of this Gala, especially because many of the participants told me that they had spent there the best evening of their lives.&#8221;<\/p>\n<p><b>R\u00e9my Fortin, General Manager<\/b><br \/>\n<i>VISA Desjardins<\/i><\/p>\n<hr align=\"left\" noshade=\"noshade\" size=\"1\" width=\"475\" \/>\n<p align=\"justify\">&#8220;Please allow us to congratulate you for the organization of the <i>Gala C\u00e9l\u00e9brit\u00e9s Desjardin<\/i>s evening. We are aware that it was a heavy task, but be assured that it was a great success. It was an evening filled with joy, emotion, surprises and it was greatly appreciated. Your team was able to turn the Gala into a grand event. Once again, congratulations, and, hopefully, see you next year! Employees of la caisse populaire de Saint-David &#8220;The opinion is unanimous: A memorable Gala evening.&#8221;<\/p>\n<p><b>C\u00c9L\u00c9BRIT\u00c9S DESJARDINS Magazine<\/b><br \/>\n<i>98-99 Edition, November 1998<\/i><\/p>\n","protected":false},"excerpt":{"rendered":"<p>On Leadership of Influence-&#8220;Thank You for your enthusiastic presentation, well paced, Fares Chmait is extremely knowledgeable, and gave great examples. Enjoyed it.&#8221; Heather Laidlaw -Laidlaw Law Firm Leadership of Influence&#8211; Very useful in daily transactions with clients. Useful insight to human behaviour and helps analyze conflict situations in a broad perspective.&#8221; Anjana Bandara-De Zoysa Law [&hellip;]<\/p>\n","protected":false},"author":20,"featured_media":0,"parent":0,"menu_order":0,"comment_status":"closed","ping_status":"open","template":"","meta":{"_acf_changed":false,"footnotes":""},"class_list":["post-223","page","type-page","status-publish","hentry"],"acf":[],"_links":{"self":[{"href":"https:\/\/www.mp-plus.com\/en\/wp-json\/wp\/v2\/pages\/223","targetHints":{"allow":["GET"]}}],"collection":[{"href":"https:\/\/www.mp-plus.com\/en\/wp-json\/wp\/v2\/pages"}],"about":[{"href":"https:\/\/www.mp-plus.com\/en\/wp-json\/wp\/v2\/types\/page"}],"author":[{"embeddable":true,"href":"https:\/\/www.mp-plus.com\/en\/wp-json\/wp\/v2\/users\/20"}],"replies":[{"embeddable":true,"href":"https:\/\/www.mp-plus.com\/en\/wp-json\/wp\/v2\/comments?post=223"}],"version-history":[{"count":0,"href":"https:\/\/www.mp-plus.com\/en\/wp-json\/wp\/v2\/pages\/223\/revisions"}],"wp:attachment":[{"href":"https:\/\/www.mp-plus.com\/en\/wp-json\/wp\/v2\/media?parent=223"}],"curies":[{"name":"wp","href":"https:\/\/api.w.org\/{rel}","templated":true}]}}