{"id":50377,"date":"2020-07-27T11:32:11","date_gmt":"2020-07-27T15:32:11","guid":{"rendered":"https:\/\/www.mp-plus.com\/mission-vision-values-2\/"},"modified":"2020-07-27T11:32:11","modified_gmt":"2020-07-27T15:32:11","slug":"mission-vision-values-2","status":"publish","type":"page","link":"https:\/\/www.mp-plus.com\/en\/mission-vision-values-2\/","title":{"rendered":"Mission, Vision, Values"},"content":{"rendered":"<h2>Notre MISSION :<\/h2>\n<p>Contribuer \u00e0 l\u2019essor des professionnels en optimisant leur potentiel humain<\/p>\n<p><img fetchpriority=\"high\" decoding=\"async\" width=\"687\" height=\"337\" src=\"https:\/\/www.mp-plus.com\/jacques\/wp-content\/uploads\/2017\/07\/Mission.jpg\" alt=\"Darts\" srcset=\"https:\/\/www.mp-plus.com\/jacques\/wp-content\/uploads\/2017\/07\/Mission.jpg 687w, https:\/\/www.mp-plus.com\/jacques\/wp-content\/uploads\/2017\/07\/Mission-600x294.jpg 600w, https:\/\/www.mp-plus.com\/jacques\/wp-content\/uploads\/2017\/07\/Mission-300x147.jpg 300w\" sizes=\"(max-width: 687px) 100vw, 687px\" title=\"\"><br \/>\n<img decoding=\"async\" width=\"764\" height=\"372\" src=\"https:\/\/www.mp-plus.com\/jacques\/wp-content\/uploads\/2017\/07\/Boussole-1.jpg\" alt=\"Vision organisationnelle\" srcset=\"https:\/\/www.mp-plus.com\/jacques\/wp-content\/uploads\/2017\/07\/Boussole-1.jpg 764w, https:\/\/www.mp-plus.com\/jacques\/wp-content\/uploads\/2017\/07\/Boussole-1-600x292.jpg 600w, https:\/\/www.mp-plus.com\/jacques\/wp-content\/uploads\/2017\/07\/Boussole-1-300x146.jpg 300w\" sizes=\"(max-width: 764px) 100vw, 764px\" title=\"\"><\/p>\n<h2>Notre VISION :<\/h2>\n<p>D\u00e9velopper la prochaine g\u00e9n\u00e9ration de Leaders<\/p>\n<h3><strong>Nos&nbsp;<\/strong><strong>VALEURS :<\/strong><\/h3>\n<p>Notre mission et notre vision reposent sur 5 valeurs, en sorte, 5 piliers :<\/p>\n<p>Respect, Int\u00e9grit\u00e9, Expertise, Innovation, et Valorisation<\/p>\n<p><em><strong>Deux de nos cinq valeurs reposent sur notre propre savoir-\u00eatre : Respect &amp; Int\u00e9grit\u00e9\u2026<\/strong><\/em><\/p>\n<h3>Respect :<\/h3>\n<p>Notre entreprise a pour premier pilier le respect. &nbsp;Le respect se divise en deux, le respect de soi et le respect de l\u2019autre. La base : une communication sinc\u00e8re et respectueuse avec la client\u00e8le, et \u00eatre \u00e0 l\u2019\u00e9coute des besoins de tous les clients &amp; des pairs. Le respect passe aussi par une ouverture \u00e0 la critique : la preuve, le respect ne sera que rehauss\u00e9&nbsp;si nous pouvons g\u00e9n\u00e9rer un changement positif suite \u00e0 une critique bien pr\u00e9sent\u00e9e.<\/p>\n<h3>Int\u00e9grit\u00e9 :<\/h3>\n<p>Notre entreprise a aussi pour assise le pilier de l\u2019int\u00e9grit\u00e9 ; c\u2019est-\u00e0-dire, une valeur morale qui sert de r\u00e9f\u00e9rence et de guide pour chacun de nos choix, d\u00e9cisions, et actions. \u00c0 titre d\u2019\u00e9quipe, nous disons ce que nous faisons, et faisons ce que nous disons. Notre \u00e9quipe travaille avec int\u00e9grit\u00e9 et met tout en oeuvre pour respecter nos paroles, nos engagements, m\u00eame si parfois, il peut y avoir des pressions externes contraires.<\/p>\n<h3>Expertise :<\/h3>\n<p>Ce pilier prend tout son sens par la qualification de chacun de nos employ\u00e9s et d\u2019une s\u00e9lection rigoureuse de tous nos partenaires. Groupe MP-Plus a la capacit\u00e9 de se d\u00e9marquer gr\u00e2ce \u00e0 l\u2019ad\u00e9quation de ses forces compl\u00e9mentaires, ainsi une longue cha\u00eene d\u2019experts dans toutes les fonctions organiques de notre entreprise nous permet de nous distinguer de n\u2019importe lequel de nos comp\u00e9titeurs. Oui, notre expertise est une v\u00e9ritable valeur qui offre une valeur ajout\u00e9e \u00e0 notre client\u00e8le !<\/p>\n<h3>Innovation :<\/h3>\n<p>&nbsp;Avant tout, ce quatri\u00e8me pilier exige de nous tenir \u00e0 bonne distance du statu quo ; \u00e9tant dans le domaine des transferts de comp\u00e9tences-cl\u00e9s, il est important pour le Groupe MP-Plus d\u2019\u00eatre innovateur &amp; de devenir des \u2018<strong>cr\u00e9ateurs de tendances<\/strong>\u2018. Le principal facteur de r\u00e9ussite d\u2019une entreprise est l\u2019innovation en mati\u00e8re de m\u00e9thodes de travail et de gestion, pour ainsi offrir \u00e0 notre pr\u00e9cieuse client\u00e8le les plus hauts standards de l\u2019industrie.<\/p>\n<h3>Valorisation :<\/h3>\n<p>Le dernier pilier s\u2019inscrit dans notre volont\u00e9 d\u2019\u00e9viter de possibles conflits d\u2019int\u00e9r\u00eat et de tout investir dans nos produits, dans nos services, bref au service du client et cons\u00e9quence \u00e0 l\u2019entreprise. Les clients b\u00e9nificient de notre valorisation et quand l\u2019entreprise gagne en valeur elle sait partager son usufruit \u00e0 nouveau !<\/p>\n<p><img decoding=\"async\" width=\"718\" height=\"479\" src=\"https:\/\/www.mp-plus.com\/jacques\/wp-content\/uploads\/2017\/07\/Pilliers.jpg\" alt=\"Piliers - Valeurs\" srcset=\"https:\/\/www.mp-plus.com\/jacques\/wp-content\/uploads\/2017\/07\/Pilliers.jpg 718w, https:\/\/www.mp-plus.com\/jacques\/wp-content\/uploads\/2017\/07\/Pilliers-600x400.jpg 600w, https:\/\/www.mp-plus.com\/jacques\/wp-content\/uploads\/2017\/07\/Pilliers-300x200.jpg 300w\" sizes=\"(max-width: 718px) 100vw, 718px\" title=\"\"><\/p>\n<p>C\u2019est en somme le &nbsp;\u00bbcercle vertueux de la valorisation MP-Plus&nbsp;\u00bb : Plus nous avons de clients heureux, plus l\u2019entreprise prosp\u00e8re et plus elle peut redonner ! En fait,&nbsp;le&nbsp;<strong>partage<\/strong>&nbsp;aurait tr\u00e8s bien pu \u00eatre notre 6e valeur, simplement, le partage l\u2019est implicitement !<\/p>\n<p>Tous les employ\u00e9s, les formateurs et les collaborateurs du Groupe MP-Plus connaissent l\u2019existence de notre&nbsp;<strong>Mission, Vision et de nos Valeurs<\/strong>&nbsp;et tous ont accept\u00e9 d\u2019y adh\u00e9rer !<\/p>\n","protected":false},"excerpt":{"rendered":"<p>Notre MISSION : Contribuer \u00e0 l\u2019essor des professionnels en optimisant leur potentiel humain Notre VISION : D\u00e9velopper la prochaine g\u00e9n\u00e9ration de Leaders Nos&nbsp;VALEURS : Notre mission et notre vision reposent sur 5 valeurs, en sorte, 5 piliers : Respect, Int\u00e9grit\u00e9, Expertise, Innovation, et Valorisation Deux de nos cinq valeurs reposent sur notre propre savoir-\u00eatre : [&hellip;]<\/p>\n","protected":false},"author":22,"featured_media":0,"parent":0,"menu_order":0,"comment_status":"closed","ping_status":"closed","template":"","meta":{"_acf_changed":false,"footnotes":""},"class_list":["post-50377","page","type-page","status-publish","hentry"],"acf":[],"_links":{"self":[{"href":"https:\/\/www.mp-plus.com\/en\/wp-json\/wp\/v2\/pages\/50377","targetHints":{"allow":["GET"]}}],"collection":[{"href":"https:\/\/www.mp-plus.com\/en\/wp-json\/wp\/v2\/pages"}],"about":[{"href":"https:\/\/www.mp-plus.com\/en\/wp-json\/wp\/v2\/types\/page"}],"author":[{"embeddable":true,"href":"https:\/\/www.mp-plus.com\/en\/wp-json\/wp\/v2\/users\/22"}],"replies":[{"embeddable":true,"href":"https:\/\/www.mp-plus.com\/en\/wp-json\/wp\/v2\/comments?post=50377"}],"version-history":[{"count":0,"href":"https:\/\/www.mp-plus.com\/en\/wp-json\/wp\/v2\/pages\/50377\/revisions"}],"wp:attachment":[{"href":"https:\/\/www.mp-plus.com\/en\/wp-json\/wp\/v2\/media?parent=50377"}],"curies":[{"name":"wp","href":"https:\/\/api.w.org\/{rel}","templated":true}]}}